{"id":52,"date":"2022-03-07T16:47:54","date_gmt":"2022-03-07T15:47:54","guid":{"rendered":"http:\/\/www.quick-gui.de\/fotodrucker\/?page_id=52"},"modified":"2022-03-21T21:34:35","modified_gmt":"2022-03-21T20:34:35","slug":"dnp-drucker","status":"publish","type":"page","link":"https:\/\/www.quick-gui.de\/fotodrucker\/dnp-drucker\/","title":{"rendered":"Polaroid ZINK Drucker"},"content":{"rendered":"\n<p>Da die <strong>ZINK Technologie<\/strong> von Polaroid leider eine nur eine <strong>sch&#8230;lechte Bildqualit\u00e4t<\/strong> liefert, <strong>empfehlen wir den Kauf<\/strong> eines ZINK Technologie Druckers <strong>nicht<\/strong>. Es gibt bessere Produkte. <br>Willst Du trotzdem einen, dann kauf ihn Dir halt.  <\/p>\n\n\n\n<div class=\"wp-block-media-text alignwide is-stacked-on-mobile\"><figure class=\"wp-block-media-text__media\"><img loading=\"lazy\" decoding=\"async\" width=\"1024\" height=\"683\" src=\"https:\/\/www.quick-gui.de\/fotodrucker\/wp-content\/uploads\/2022\/03\/polaroid_zink-1024x683.jpg\" alt=\"\" class=\"wp-image-242 size-full\" srcset=\"https:\/\/www.quick-gui.de\/fotodrucker\/wp-content\/uploads\/2022\/03\/polaroid_zink-1024x683.jpg 1024w, https:\/\/www.quick-gui.de\/fotodrucker\/wp-content\/uploads\/2022\/03\/polaroid_zink-300x200.jpg 300w, https:\/\/www.quick-gui.de\/fotodrucker\/wp-content\/uploads\/2022\/03\/polaroid_zink-768x512.jpg 768w, https:\/\/www.quick-gui.de\/fotodrucker\/wp-content\/uploads\/2022\/03\/polaroid_zink-1536x1024.jpg 1536w, https:\/\/www.quick-gui.de\/fotodrucker\/wp-content\/uploads\/2022\/03\/polaroid_zink.jpg 1920w\" sizes=\"auto, (max-width: 1024px) 100vw, 1024px\" \/><\/figure><div class=\"wp-block-media-text__content\">\n<p class=\"has-regular-font-size\">Der Polaroid ZINK-Drucker war der erste seiner Art. Heute nutzen einige Anbieter diese oder eine so \u00e4hnliche Technologie (HP Sprocket,  Canon Zoemini, Huawei Photoprinter). Auch hier ist die Bildqualit\u00e4t entt\u00e4uschend.<\/p>\n<\/div><\/div>\n\n\n<style id=\"kb-icon_6ebb79-bf\">.kt-svg-icons_6ebb79-bf .kt-svg-item-0:hover .kt-svg-icon {color:#cf2e2e!important;}<\/style>\n<div class=\"wp-block-kadence-icon kt-svg-icons kt-svg-icons_6ebb79-bf alignnone\" style=\"text-align:center\"><div class=\"kt-svg-style-default kt-svg-icon-wrap kt-svg-item-0\"><div style=\"display:inline-flex;justify-content:center;align-items:center;color:#444444\" class=\"kt-svg-icon kt-svg-icon-fe_aperture\"><svg style=\"display:inline-block;vertical-align:middle\" viewbox=\"0 0 24 24\" height=\"50\" width=\"50\" fill=\"none\" stroke=\"currentColor\" xmlns=\"http:\/\/www.w3.org\/2000\/svg\" stroke-width=\"2\" stroke-linecap=\"round\" stroke-linejoin=\"round\" aria-hidden=\"true\"><circle cx=\"12\" cy=\"12\" r=\"10\"><\/circle><line x1=\"14.31\" y1=\"8\" x2=\"20.05\" y2=\"17.94\"><\/line><line x1=\"9.69\" y1=\"8\" x2=\"21.17\" y2=\"8\"><\/line><line x1=\"7.38\" y1=\"12\" x2=\"13.12\" y2=\"2.06\"><\/line><line x1=\"9.69\" y1=\"16\" x2=\"3.95\" y2=\"6.06\"><\/line><line x1=\"14.31\" y1=\"16\" x2=\"2.83\" y2=\"16\"><\/line><line x1=\"16.62\" y1=\"12\" x2=\"10.88\" y2=\"21.94\"><\/line><\/svg><\/div><\/div><\/div>\n","protected":false},"excerpt":{"rendered":"<p>Da die ZINK Technologie von Polaroid leider eine nur eine sch&#8230;lechte Bildqualit\u00e4t liefert, empfehlen wir&#8230;<\/p>\n<div class=\"more-link-wrapper\"><a class=\"more-link\" href=\"https:\/\/www.quick-gui.de\/fotodrucker\/dnp-drucker\/\">Beitrag lesen<span class=\"screen-reader-text\">Polaroid ZINK Drucker<\/span><\/a><\/div>\n","protected":false},"author":3,"featured_media":0,"parent":0,"menu_order":0,"comment_status":"closed","ping_status":"closed","template":"","meta":{"footnotes":""},"class_list":["post-52","page","type-page","status-publish","hentry","excerpt","even","excerpt-0"],"yoast_head":"<!-- This site is optimized with the Yoast SEO plugin v27.3 - https:\/\/yoast.com\/product\/yoast-seo-wordpress\/ -->\n<title>Polaroid ZINK Drucker - Mobile Fotodrucker<\/title>\n<meta name=\"robots\" content=\"index, follow, max-snippet:-1, max-image-preview:large, max-video-preview:-1\" \/>\n<link rel=\"canonical\" href=\"https:\/\/www.quick-gui.de\/fotodrucker\/dnp-drucker\/\" \/>\n<meta property=\"og:locale\" content=\"de_DE\" \/>\n<meta property=\"og:type\" content=\"article\" \/>\n<meta property=\"og:title\" content=\"Polaroid ZINK Drucker - Mobile Fotodrucker\" \/>\n<meta property=\"og:description\" content=\"Da die ZINK Technologie von Polaroid leider eine nur eine sch&#8230;lechte Bildqualit\u00e4t liefert, empfehlen wir&#8230;\" \/>\n<meta property=\"og:url\" content=\"https:\/\/www.quick-gui.de\/fotodrucker\/dnp-drucker\/\" \/>\n<meta property=\"og:site_name\" content=\"Mobile Fotodrucker\" \/>\n<meta property=\"article:modified_time\" content=\"2022-03-21T20:34:35+00:00\" \/>\n<meta property=\"og:image\" content=\"http:\/\/www.quick-gui.de\/fotodrucker\/wp-content\/uploads\/2022\/03\/polaroid_zink-1024x683.jpg\" \/>\n<meta name=\"twitter:card\" content=\"summary_large_image\" \/>\n<script type=\"application\/ld+json\" class=\"yoast-schema-graph\">{\"@context\":\"https:\\\/\\\/schema.org\",\"@graph\":[{\"@type\":\"WebPage\",\"@id\":\"https:\\\/\\\/www.quick-gui.de\\\/fotodrucker\\\/dnp-drucker\\\/\",\"url\":\"https:\\\/\\\/www.quick-gui.de\\\/fotodrucker\\\/dnp-drucker\\\/\",\"name\":\"Polaroid ZINK Drucker - Mobile Fotodrucker\",\"isPartOf\":{\"@id\":\"https:\\\/\\\/www.quick-gui.de\\\/fotodrucker\\\/#website\"},\"primaryImageOfPage\":{\"@id\":\"https:\\\/\\\/www.quick-gui.de\\\/fotodrucker\\\/dnp-drucker\\\/#primaryimage\"},\"image\":{\"@id\":\"https:\\\/\\\/www.quick-gui.de\\\/fotodrucker\\\/dnp-drucker\\\/#primaryimage\"},\"thumbnailUrl\":\"http:\\\/\\\/www.quick-gui.de\\\/fotodrucker\\\/wp-content\\\/uploads\\\/2022\\\/03\\\/polaroid_zink-1024x683.jpg\",\"datePublished\":\"2022-03-07T15:47:54+00:00\",\"dateModified\":\"2022-03-21T20:34:35+00:00\",\"inLanguage\":\"de\",\"potentialAction\":[{\"@type\":\"ReadAction\",\"target\":[\"https:\\\/\\\/www.quick-gui.de\\\/fotodrucker\\\/dnp-drucker\\\/\"]}]},{\"@type\":\"ImageObject\",\"inLanguage\":\"de\",\"@id\":\"https:\\\/\\\/www.quick-gui.de\\\/fotodrucker\\\/dnp-drucker\\\/#primaryimage\",\"url\":\"https:\\\/\\\/www.quick-gui.de\\\/fotodrucker\\\/wp-content\\\/uploads\\\/2022\\\/03\\\/polaroid_zink.jpg\",\"contentUrl\":\"https:\\\/\\\/www.quick-gui.de\\\/fotodrucker\\\/wp-content\\\/uploads\\\/2022\\\/03\\\/polaroid_zink.jpg\",\"width\":1920,\"height\":1280},{\"@type\":\"WebSite\",\"@id\":\"https:\\\/\\\/www.quick-gui.de\\\/fotodrucker\\\/#website\",\"url\":\"https:\\\/\\\/www.quick-gui.de\\\/fotodrucker\\\/\",\"name\":\"Mobile Fotodrucker\",\"description\":\"Echte Bilder - sofort in der Hand\",\"potentialAction\":[{\"@type\":\"SearchAction\",\"target\":{\"@type\":\"EntryPoint\",\"urlTemplate\":\"https:\\\/\\\/www.quick-gui.de\\\/fotodrucker\\\/?s={search_term_string}\"},\"query-input\":{\"@type\":\"PropertyValueSpecification\",\"valueRequired\":true,\"valueName\":\"search_term_string\"}}],\"inLanguage\":\"de\"}]}<\/script>\n<!-- \/ Yoast SEO plugin. -->","yoast_head_json":{"title":"Polaroid ZINK Drucker - Mobile Fotodrucker","robots":{"index":"index","follow":"follow","max-snippet":"max-snippet:-1","max-image-preview":"max-image-preview:large","max-video-preview":"max-video-preview:-1"},"canonical":"https:\/\/www.quick-gui.de\/fotodrucker\/dnp-drucker\/","og_locale":"de_DE","og_type":"article","og_title":"Polaroid ZINK Drucker - Mobile Fotodrucker","og_description":"Da die ZINK Technologie von Polaroid leider eine nur eine sch&#8230;lechte Bildqualit\u00e4t liefert, empfehlen wir&#8230;","og_url":"https:\/\/www.quick-gui.de\/fotodrucker\/dnp-drucker\/","og_site_name":"Mobile Fotodrucker","article_modified_time":"2022-03-21T20:34:35+00:00","og_image":[{"url":"http:\/\/www.quick-gui.de\/fotodrucker\/wp-content\/uploads\/2022\/03\/polaroid_zink-1024x683.jpg","type":"","width":"","height":""}],"twitter_card":"summary_large_image","schema":{"@context":"https:\/\/schema.org","@graph":[{"@type":"WebPage","@id":"https:\/\/www.quick-gui.de\/fotodrucker\/dnp-drucker\/","url":"https:\/\/www.quick-gui.de\/fotodrucker\/dnp-drucker\/","name":"Polaroid ZINK Drucker - Mobile Fotodrucker","isPartOf":{"@id":"https:\/\/www.quick-gui.de\/fotodrucker\/#website"},"primaryImageOfPage":{"@id":"https:\/\/www.quick-gui.de\/fotodrucker\/dnp-drucker\/#primaryimage"},"image":{"@id":"https:\/\/www.quick-gui.de\/fotodrucker\/dnp-drucker\/#primaryimage"},"thumbnailUrl":"http:\/\/www.quick-gui.de\/fotodrucker\/wp-content\/uploads\/2022\/03\/polaroid_zink-1024x683.jpg","datePublished":"2022-03-07T15:47:54+00:00","dateModified":"2022-03-21T20:34:35+00:00","inLanguage":"de","potentialAction":[{"@type":"ReadAction","target":["https:\/\/www.quick-gui.de\/fotodrucker\/dnp-drucker\/"]}]},{"@type":"ImageObject","inLanguage":"de","@id":"https:\/\/www.quick-gui.de\/fotodrucker\/dnp-drucker\/#primaryimage","url":"https:\/\/www.quick-gui.de\/fotodrucker\/wp-content\/uploads\/2022\/03\/polaroid_zink.jpg","contentUrl":"https:\/\/www.quick-gui.de\/fotodrucker\/wp-content\/uploads\/2022\/03\/polaroid_zink.jpg","width":1920,"height":1280},{"@type":"WebSite","@id":"https:\/\/www.quick-gui.de\/fotodrucker\/#website","url":"https:\/\/www.quick-gui.de\/fotodrucker\/","name":"Mobile Fotodrucker","description":"Echte Bilder - sofort in der Hand","potentialAction":[{"@type":"SearchAction","target":{"@type":"EntryPoint","urlTemplate":"https:\/\/www.quick-gui.de\/fotodrucker\/?s={search_term_string}"},"query-input":{"@type":"PropertyValueSpecification","valueRequired":true,"valueName":"search_term_string"}}],"inLanguage":"de"}]}},"_links":{"self":[{"href":"https:\/\/www.quick-gui.de\/fotodrucker\/wp-json\/wp\/v2\/pages\/52","targetHints":{"allow":["GET"]}}],"collection":[{"href":"https:\/\/www.quick-gui.de\/fotodrucker\/wp-json\/wp\/v2\/pages"}],"about":[{"href":"https:\/\/www.quick-gui.de\/fotodrucker\/wp-json\/wp\/v2\/types\/page"}],"author":[{"embeddable":true,"href":"https:\/\/www.quick-gui.de\/fotodrucker\/wp-json\/wp\/v2\/users\/3"}],"replies":[{"embeddable":true,"href":"https:\/\/www.quick-gui.de\/fotodrucker\/wp-json\/wp\/v2\/comments?post=52"}],"version-history":[{"count":6,"href":"https:\/\/www.quick-gui.de\/fotodrucker\/wp-json\/wp\/v2\/pages\/52\/revisions"}],"predecessor-version":[{"id":382,"href":"https:\/\/www.quick-gui.de\/fotodrucker\/wp-json\/wp\/v2\/pages\/52\/revisions\/382"}],"wp:attachment":[{"href":"https:\/\/www.quick-gui.de\/fotodrucker\/wp-json\/wp\/v2\/media?parent=52"}],"curies":[{"name":"wp","href":"https:\/\/api.w.org\/{rel}","templated":true}]}}