{"id":46,"date":"2022-03-07T16:47:22","date_gmt":"2022-03-07T15:47:22","guid":{"rendered":"http:\/\/www.quick-gui.de\/fotodrucker\/?page_id=46"},"modified":"2022-05-19T22:27:10","modified_gmt":"2022-05-19T20:27:10","slug":"canon-fotodrucker","status":"publish","type":"page","link":"https:\/\/www.quick-gui.de\/fotodrucker\/canon-fotodrucker\/","title":{"rendered":"Canon Fotodrucker"},"content":{"rendered":"\n<p class=\"has-large-font-size\">Die <strong>mobilen <\/strong>10&#215;15 cm<strong> Selphy-Drucker<\/strong> von Canon sind zwar nicht sehr kompakt, aber funktionieren zuverl\u00e4ssig (wenn eine <strong>Steckdose in der N\u00e4he<\/strong> ist) und liefern eine <strong>sehr gute Bildqualit\u00e4t<\/strong>. Der neue Selphy QX10 (<a data-type=\"page\" data-id=\"79\" href=\"https:\/\/www.quick-gui.de\/fotodrucker\/?page_id=79\">siehe News<\/a>) ist kleiner und hat sogar einen Akku. Die Canon <strong>Zoemini<\/strong> Kameras mit integriertem Fotodrucker k\u00f6nnen wir nicht empfehlen, da sie dank ZINK-Technologie nur eine sch&#8230;lechte Bildqualit\u00e4t liefern (<a data-type=\"page\" data-id=\"52\" href=\"https:\/\/www.quick-gui.de\/fotodrucker\/?page_id=52\">siehe Polaroid<\/a>)<\/p>\n\n\n\n<div class=\"wp-block-media-text alignwide is-stacked-on-mobile is-vertically-aligned-top\"><figure class=\"wp-block-media-text__media\"><img loading=\"lazy\" decoding=\"async\" width=\"1024\" height=\"683\" src=\"https:\/\/www.quick-gui.de\/fotodrucker\/wp-content\/uploads\/2022\/03\/selphy_cp990-1024x683.jpg\" alt=\"\" class=\"wp-image-245 size-full\" srcset=\"https:\/\/www.quick-gui.de\/fotodrucker\/wp-content\/uploads\/2022\/03\/selphy_cp990-1024x683.jpg 1024w, https:\/\/www.quick-gui.de\/fotodrucker\/wp-content\/uploads\/2022\/03\/selphy_cp990-300x200.jpg 300w, https:\/\/www.quick-gui.de\/fotodrucker\/wp-content\/uploads\/2022\/03\/selphy_cp990-768x512.jpg 768w, https:\/\/www.quick-gui.de\/fotodrucker\/wp-content\/uploads\/2022\/03\/selphy_cp990-1536x1024.jpg 1536w, https:\/\/www.quick-gui.de\/fotodrucker\/wp-content\/uploads\/2022\/03\/selphy_cp990.jpg 1920w\" sizes=\"auto, (max-width: 1024px) 100vw, 1024px\" \/><\/figure><div class=\"wp-block-media-text__content\">\n<p class=\"has-regular-font-size\">Der <strong>Canon Selphy CP900<\/strong> ist ein Thermosublimationsdrucker f\u00fcr das <strong>Postkartenformat 10&#215;15 cm<\/strong>. Ihr braucht noch das Papier\/Farbband-Kit <strong>KP108IN<\/strong> (f\u00fcr <strong>3&#215;36 Bilder<\/strong>). Man kann <strong>vom Smartphone <\/strong>mit Hilfe der zugeh\u00f6rigen <a data-type=\"page\" data-id=\"39\" href=\"https:\/\/www.quick-gui.de\/fotodrucker\/?page_id=39\">APP<\/a> halbwegs komfortabel drucken. Bestimmte Canon-Kameras k\u00f6nnen das auch, das ist aber umst\u00e4ndlich. <strong>Die Bildqualit\u00e4t ist sehr gut<\/strong>. Der Nachfolger ist der <strong>Canon Selphy CP1300<\/strong>. <\/p>\n\n\n\n<p><\/p>\n\n\n\n<p><\/p>\n<\/div><\/div>\n\n\n\n<div class=\"wp-block-media-text alignwide is-stacked-on-mobile\"><figure class=\"wp-block-media-text__media\"><img loading=\"lazy\" decoding=\"async\" width=\"1024\" height=\"683\" src=\"https:\/\/www.quick-gui.de\/fotodrucker\/wp-content\/uploads\/2022\/03\/selphy_cp740-1024x683.jpg\" alt=\"Canon Selphy CP740\" class=\"wp-image-244 size-full\" srcset=\"https:\/\/www.quick-gui.de\/fotodrucker\/wp-content\/uploads\/2022\/03\/selphy_cp740-1024x683.jpg 1024w, https:\/\/www.quick-gui.de\/fotodrucker\/wp-content\/uploads\/2022\/03\/selphy_cp740-300x200.jpg 300w, https:\/\/www.quick-gui.de\/fotodrucker\/wp-content\/uploads\/2022\/03\/selphy_cp740-768x512.jpg 768w, https:\/\/www.quick-gui.de\/fotodrucker\/wp-content\/uploads\/2022\/03\/selphy_cp740-1536x1024.jpg 1536w, https:\/\/www.quick-gui.de\/fotodrucker\/wp-content\/uploads\/2022\/03\/selphy_cp740.jpg 1920w\" sizes=\"auto, (max-width: 1024px) 100vw, 1024px\" \/><\/figure><div class=\"wp-block-media-text__content\">\n<p class=\"has-regular-font-size\">Der <strong>Canon Selphy CP740<\/strong> ist ein zuverl\u00e4ssiger &#8218;mobiler&#8216; Thermosublimationsdrucker f\u00fcr das Postkartenformat 10&#215;15 cm. Er hat ein Kabel, mit dem sich Digitalkameras anschlie\u00dfen lassen. Mit Druck auf den Printbutton der Kamera startet man den Fotodruck. <br>Fakt ist: Mit aktuellen WI-FI-Druckern geht das aber auch drahtlos vom Smartphone aus.<\/p>\n<\/div><\/div>\n\n\n<style id=\"kb-icon_6ebb79-bf\">.kt-svg-icons_6ebb79-bf .kt-svg-item-0:hover .kt-svg-icon {color:#cf2e2e!important;}<\/style>\n<div class=\"wp-block-kadence-icon kt-svg-icons kt-svg-icons_6ebb79-bf alignnone\" style=\"text-align:center\"><div class=\"kt-svg-style-default kt-svg-icon-wrap kt-svg-item-0\"><div style=\"display:inline-flex;justify-content:center;align-items:center;color:#444444\" class=\"kt-svg-icon kt-svg-icon-fe_aperture\"><svg style=\"display:inline-block;vertical-align:middle\" viewbox=\"0 0 24 24\" height=\"50\" width=\"50\" fill=\"none\" stroke=\"currentColor\" xmlns=\"http:\/\/www.w3.org\/2000\/svg\" stroke-width=\"2\" stroke-linecap=\"round\" stroke-linejoin=\"round\" aria-hidden=\"true\"><circle cx=\"12\" cy=\"12\" r=\"10\"><\/circle><line x1=\"14.31\" y1=\"8\" x2=\"20.05\" y2=\"17.94\"><\/line><line x1=\"9.69\" y1=\"8\" x2=\"21.17\" y2=\"8\"><\/line><line x1=\"7.38\" y1=\"12\" x2=\"13.12\" y2=\"2.06\"><\/line><line x1=\"9.69\" y1=\"16\" x2=\"3.95\" y2=\"6.06\"><\/line><line x1=\"14.31\" y1=\"16\" x2=\"2.83\" y2=\"16\"><\/line><line x1=\"16.62\" y1=\"12\" x2=\"10.88\" y2=\"21.94\"><\/line><\/svg><\/div><\/div><\/div>\n","protected":false},"excerpt":{"rendered":"<p>Die mobilen 10&#215;15 cm Selphy-Drucker von Canon sind zwar nicht sehr kompakt, aber funktionieren zuverl\u00e4ssig&#8230;<\/p>\n<div class=\"more-link-wrapper\"><a class=\"more-link\" href=\"https:\/\/www.quick-gui.de\/fotodrucker\/canon-fotodrucker\/\">Beitrag lesen<span class=\"screen-reader-text\">Canon Fotodrucker<\/span><\/a><\/div>\n","protected":false},"author":3,"featured_media":0,"parent":0,"menu_order":0,"comment_status":"closed","ping_status":"closed","template":"","meta":{"footnotes":""},"class_list":["post-46","page","type-page","status-publish","hentry","excerpt","even","excerpt-0"],"yoast_head":"<!-- This site is optimized with the Yoast SEO plugin v27.3 - https:\/\/yoast.com\/product\/yoast-seo-wordpress\/ -->\n<title>Canon Fotodrucker - Mobile Fotodrucker<\/title>\n<meta name=\"description\" content=\"Die mobilen Fotodrucker der Canon Selphy-Serie bieten das Postkartenformat 10x15 cm und nutzen die Thermosublimationsdruck-Technologie\" \/>\n<meta name=\"robots\" content=\"index, follow, max-snippet:-1, max-image-preview:large, max-video-preview:-1\" \/>\n<link rel=\"canonical\" href=\"https:\/\/www.quick-gui.de\/fotodrucker\/canon-fotodrucker\/\" \/>\n<meta property=\"og:locale\" content=\"de_DE\" \/>\n<meta property=\"og:type\" content=\"article\" \/>\n<meta property=\"og:title\" content=\"Canon Fotodrucker - Mobile Fotodrucker\" \/>\n<meta property=\"og:url\" content=\"https:\/\/www.quick-gui.de\/fotodrucker\/canon-fotodrucker\/\" \/>\n<meta property=\"og:site_name\" content=\"Mobile Fotodrucker\" \/>\n<meta property=\"article:modified_time\" content=\"2022-05-19T20:27:10+00:00\" \/>\n<meta property=\"og:image\" content=\"http:\/\/www.quick-gui.de\/fotodrucker\/wp-content\/uploads\/2022\/03\/selphy_cp990-1024x683.jpg\" \/>\n<meta name=\"twitter:card\" content=\"summary_large_image\" \/>\n<meta name=\"twitter:label1\" content=\"Gesch\u00e4tzte Lesezeit\" \/>\n\t<meta name=\"twitter:data1\" content=\"2\u00a0Minuten\" \/>\n<script type=\"application\/ld+json\" class=\"yoast-schema-graph\">{\"@context\":\"https:\\\/\\\/schema.org\",\"@graph\":[{\"@type\":\"WebPage\",\"@id\":\"https:\\\/\\\/www.quick-gui.de\\\/fotodrucker\\\/canon-fotodrucker\\\/\",\"url\":\"https:\\\/\\\/www.quick-gui.de\\\/fotodrucker\\\/canon-fotodrucker\\\/\",\"name\":\"Canon Fotodrucker - Mobile Fotodrucker\",\"isPartOf\":{\"@id\":\"https:\\\/\\\/www.quick-gui.de\\\/fotodrucker\\\/#website\"},\"primaryImageOfPage\":{\"@id\":\"https:\\\/\\\/www.quick-gui.de\\\/fotodrucker\\\/canon-fotodrucker\\\/#primaryimage\"},\"image\":{\"@id\":\"https:\\\/\\\/www.quick-gui.de\\\/fotodrucker\\\/canon-fotodrucker\\\/#primaryimage\"},\"thumbnailUrl\":\"http:\\\/\\\/www.quick-gui.de\\\/fotodrucker\\\/wp-content\\\/uploads\\\/2022\\\/03\\\/selphy_cp990-1024x683.jpg\",\"datePublished\":\"2022-03-07T15:47:22+00:00\",\"dateModified\":\"2022-05-19T20:27:10+00:00\",\"description\":\"Die mobilen Fotodrucker der Canon Selphy-Serie bieten das Postkartenformat 10x15 cm und nutzen die Thermosublimationsdruck-Technologie\",\"inLanguage\":\"de\",\"potentialAction\":[{\"@type\":\"ReadAction\",\"target\":[\"https:\\\/\\\/www.quick-gui.de\\\/fotodrucker\\\/canon-fotodrucker\\\/\"]}]},{\"@type\":\"ImageObject\",\"inLanguage\":\"de\",\"@id\":\"https:\\\/\\\/www.quick-gui.de\\\/fotodrucker\\\/canon-fotodrucker\\\/#primaryimage\",\"url\":\"http:\\\/\\\/www.quick-gui.de\\\/fotodrucker\\\/wp-content\\\/uploads\\\/2022\\\/03\\\/selphy_cp990-1024x683.jpg\",\"contentUrl\":\"http:\\\/\\\/www.quick-gui.de\\\/fotodrucker\\\/wp-content\\\/uploads\\\/2022\\\/03\\\/selphy_cp990-1024x683.jpg\"},{\"@type\":\"WebSite\",\"@id\":\"https:\\\/\\\/www.quick-gui.de\\\/fotodrucker\\\/#website\",\"url\":\"https:\\\/\\\/www.quick-gui.de\\\/fotodrucker\\\/\",\"name\":\"Mobile Fotodrucker\",\"description\":\"Echte Bilder - sofort in der Hand\",\"potentialAction\":[{\"@type\":\"SearchAction\",\"target\":{\"@type\":\"EntryPoint\",\"urlTemplate\":\"https:\\\/\\\/www.quick-gui.de\\\/fotodrucker\\\/?s={search_term_string}\"},\"query-input\":{\"@type\":\"PropertyValueSpecification\",\"valueRequired\":true,\"valueName\":\"search_term_string\"}}],\"inLanguage\":\"de\"}]}<\/script>\n<!-- \/ Yoast SEO plugin. -->","yoast_head_json":{"title":"Canon Fotodrucker - Mobile Fotodrucker","description":"Die mobilen Fotodrucker der Canon Selphy-Serie bieten das Postkartenformat 10x15 cm und nutzen die Thermosublimationsdruck-Technologie","robots":{"index":"index","follow":"follow","max-snippet":"max-snippet:-1","max-image-preview":"max-image-preview:large","max-video-preview":"max-video-preview:-1"},"canonical":"https:\/\/www.quick-gui.de\/fotodrucker\/canon-fotodrucker\/","og_locale":"de_DE","og_type":"article","og_title":"Canon Fotodrucker - Mobile Fotodrucker","og_url":"https:\/\/www.quick-gui.de\/fotodrucker\/canon-fotodrucker\/","og_site_name":"Mobile Fotodrucker","article_modified_time":"2022-05-19T20:27:10+00:00","og_image":[{"url":"http:\/\/www.quick-gui.de\/fotodrucker\/wp-content\/uploads\/2022\/03\/selphy_cp990-1024x683.jpg","type":"","width":"","height":""}],"twitter_card":"summary_large_image","twitter_misc":{"Gesch\u00e4tzte Lesezeit":"2\u00a0Minuten"},"schema":{"@context":"https:\/\/schema.org","@graph":[{"@type":"WebPage","@id":"https:\/\/www.quick-gui.de\/fotodrucker\/canon-fotodrucker\/","url":"https:\/\/www.quick-gui.de\/fotodrucker\/canon-fotodrucker\/","name":"Canon Fotodrucker - Mobile Fotodrucker","isPartOf":{"@id":"https:\/\/www.quick-gui.de\/fotodrucker\/#website"},"primaryImageOfPage":{"@id":"https:\/\/www.quick-gui.de\/fotodrucker\/canon-fotodrucker\/#primaryimage"},"image":{"@id":"https:\/\/www.quick-gui.de\/fotodrucker\/canon-fotodrucker\/#primaryimage"},"thumbnailUrl":"http:\/\/www.quick-gui.de\/fotodrucker\/wp-content\/uploads\/2022\/03\/selphy_cp990-1024x683.jpg","datePublished":"2022-03-07T15:47:22+00:00","dateModified":"2022-05-19T20:27:10+00:00","description":"Die mobilen Fotodrucker der Canon Selphy-Serie bieten das Postkartenformat 10x15 cm und nutzen die Thermosublimationsdruck-Technologie","inLanguage":"de","potentialAction":[{"@type":"ReadAction","target":["https:\/\/www.quick-gui.de\/fotodrucker\/canon-fotodrucker\/"]}]},{"@type":"ImageObject","inLanguage":"de","@id":"https:\/\/www.quick-gui.de\/fotodrucker\/canon-fotodrucker\/#primaryimage","url":"http:\/\/www.quick-gui.de\/fotodrucker\/wp-content\/uploads\/2022\/03\/selphy_cp990-1024x683.jpg","contentUrl":"http:\/\/www.quick-gui.de\/fotodrucker\/wp-content\/uploads\/2022\/03\/selphy_cp990-1024x683.jpg"},{"@type":"WebSite","@id":"https:\/\/www.quick-gui.de\/fotodrucker\/#website","url":"https:\/\/www.quick-gui.de\/fotodrucker\/","name":"Mobile Fotodrucker","description":"Echte Bilder - sofort in der Hand","potentialAction":[{"@type":"SearchAction","target":{"@type":"EntryPoint","urlTemplate":"https:\/\/www.quick-gui.de\/fotodrucker\/?s={search_term_string}"},"query-input":{"@type":"PropertyValueSpecification","valueRequired":true,"valueName":"search_term_string"}}],"inLanguage":"de"}]}},"_links":{"self":[{"href":"https:\/\/www.quick-gui.de\/fotodrucker\/wp-json\/wp\/v2\/pages\/46","targetHints":{"allow":["GET"]}}],"collection":[{"href":"https:\/\/www.quick-gui.de\/fotodrucker\/wp-json\/wp\/v2\/pages"}],"about":[{"href":"https:\/\/www.quick-gui.de\/fotodrucker\/wp-json\/wp\/v2\/types\/page"}],"author":[{"embeddable":true,"href":"https:\/\/www.quick-gui.de\/fotodrucker\/wp-json\/wp\/v2\/users\/3"}],"replies":[{"embeddable":true,"href":"https:\/\/www.quick-gui.de\/fotodrucker\/wp-json\/wp\/v2\/comments?post=46"}],"version-history":[{"count":21,"href":"https:\/\/www.quick-gui.de\/fotodrucker\/wp-json\/wp\/v2\/pages\/46\/revisions"}],"predecessor-version":[{"id":456,"href":"https:\/\/www.quick-gui.de\/fotodrucker\/wp-json\/wp\/v2\/pages\/46\/revisions\/456"}],"wp:attachment":[{"href":"https:\/\/www.quick-gui.de\/fotodrucker\/wp-json\/wp\/v2\/media?parent=46"}],"curies":[{"name":"wp","href":"https:\/\/api.w.org\/{rel}","templated":true}]}}